{"id":148,"date":"2022-02-01T14:24:52","date_gmt":"2022-02-01T13:24:52","guid":{"rendered":"http:\/\/melucia02.graphisteriegenerale.com\/?post_type=product&#038;p=148"},"modified":"2023-07-07T09:43:41","modified_gmt":"2023-07-07T07:43:41","slug":"la-routine-complete","status":"publish","type":"product","link":"https:\/\/melucia02.graphisteriegenerale.com\/fr\/les-essentiels\/la-routine-complete\/","title":{"rendered":"La routine compl\u00e8te"},"content":{"rendered":"","protected":false},"excerpt":{"rendered":"<p>Craquez pour la routine compl\u00e8te m\u00e9lucia !<\/p>\n<p>Nos 3 gestes essentiels, adapt\u00e9s \u00e0 tous les types de peau, pour un teint plus frais, plus net et plus lumineux.<\/p>\n<p>Ce kit contient:<br \/>\n&#8211; l&#8217;huile d\u00e9maquillante purifiante (100ml)<br \/>\n&#8211; la cr\u00e8me hydratante r\u00e9\u00e9quilibrante (50ml)<br \/>\n&#8211; l&#8217;huile de soin apaisante (15ml)<\/p>\n<p><strong>Dur\u00e9e d&#8217;utilisation:<\/strong> 2 mois<\/p>\n","protected":false},"featured_media":731,"template":"","meta":{"inline_featured_image":false},"product_cat":[29],"product_tag":[],"class_list":["post-148","product","type-product","status-publish","has-post-thumbnail","hentry","product_cat-routine"],"acf":[],"yoast_head":"<!-- This site is optimized with the Yoast SEO plugin v20.12 - https:\/\/yoast.com\/wordpress\/plugins\/seo\/ -->\n<title>La routine compl\u00e8te - Melucia<\/title>\n<meta name=\"robots\" content=\"index, follow, max-snippet:-1, max-image-preview:large, max-video-preview:-1\" \/>\n<link rel=\"canonical\" href=\"https:\/\/melucia02.graphisteriegenerale.com\/fr\/les-essentiels\/la-routine-complete\/\" \/>\n<meta property=\"og:locale\" content=\"fr_FR\" \/>\n<meta property=\"og:type\" content=\"article\" \/>\n<meta property=\"og:title\" content=\"La routine compl\u00e8te - Melucia\" \/>\n<meta property=\"og:description\" content=\"Craquez pour la routine compl\u00e8te m\u00e9lucia !  Nos 3 gestes essentiels, adapt\u00e9s \u00e0 tous les types de peau, pour un teint plus frais, plus net et plus lumineux.  Ce kit contient: - l&#039;huile d\u00e9maquillante purifiante (100ml) - la cr\u00e8me hydratante r\u00e9\u00e9quilibrante (50ml) - l&#039;huile de soin apaisante (15ml)  Dur\u00e9e d&#039;utilisation: 2 mois\" \/>\n<meta property=\"og:url\" content=\"https:\/\/melucia02.graphisteriegenerale.com\/fr\/les-essentiels\/la-routine-complete\/\" \/>\n<meta property=\"og:site_name\" content=\"Melucia\" \/>\n<meta property=\"article:publisher\" content=\"https:\/\/www.facebook.com\/melucia.skincare\/\" \/>\n<meta property=\"article:modified_time\" content=\"2023-07-07T07:43:41+00:00\" \/>\n<meta property=\"og:image\" content=\"https:\/\/melucia02.graphisteriegenerale.com\/wp-content\/uploads\/2022\/02\/packshot_routine_3.png\" \/>\n\t<meta property=\"og:image:width\" content=\"1800\" \/>\n\t<meta property=\"og:image:height\" content=\"1800\" \/>\n\t<meta property=\"og:image:type\" content=\"image\/png\" \/>\n<meta name=\"twitter:card\" content=\"summary_large_image\" \/>\n<script type=\"application\/ld+json\" class=\"yoast-schema-graph\">{\"@context\":\"https:\/\/schema.org\",\"@graph\":[{\"@type\":\"WebPage\",\"@id\":\"https:\/\/melucia02.graphisteriegenerale.com\/fr\/les-essentiels\/la-routine-complete\/\",\"url\":\"https:\/\/melucia02.graphisteriegenerale.com\/fr\/les-essentiels\/la-routine-complete\/\",\"name\":\"La routine compl\u00e8te - Melucia\",\"isPartOf\":{\"@id\":\"https:\/\/melucia02.graphisteriegenerale.com\/#website\"},\"datePublished\":\"2022-02-01T13:24:52+00:00\",\"dateModified\":\"2023-07-07T07:43:41+00:00\",\"breadcrumb\":{\"@id\":\"https:\/\/melucia02.graphisteriegenerale.com\/fr\/les-essentiels\/la-routine-complete\/#breadcrumb\"},\"inLanguage\":\"fr-FR\",\"potentialAction\":[{\"@type\":\"ReadAction\",\"target\":[\"https:\/\/melucia02.graphisteriegenerale.com\/fr\/les-essentiels\/la-routine-complete\/\"]}]},{\"@type\":\"BreadcrumbList\",\"@id\":\"https:\/\/melucia02.graphisteriegenerale.com\/fr\/les-essentiels\/la-routine-complete\/#breadcrumb\",\"itemListElement\":[{\"@type\":\"ListItem\",\"position\":1,\"name\":\"Accueil\",\"item\":\"https:\/\/melucia02.graphisteriegenerale.com\/fr\/\"},{\"@type\":\"ListItem\",\"position\":2,\"name\":\"La routine compl\u00e8te\"}]},{\"@type\":\"WebSite\",\"@id\":\"https:\/\/melucia02.graphisteriegenerale.com\/#website\",\"url\":\"https:\/\/melucia02.graphisteriegenerale.com\/\",\"name\":\"Melucia\",\"description\":\"Essential Skincare\",\"publisher\":{\"@id\":\"https:\/\/melucia02.graphisteriegenerale.com\/#organization\"},\"potentialAction\":[{\"@type\":\"SearchAction\",\"target\":{\"@type\":\"EntryPoint\",\"urlTemplate\":\"https:\/\/melucia02.graphisteriegenerale.com\/?s={search_term_string}\"},\"query-input\":\"required name=search_term_string\"}],\"inLanguage\":\"fr-FR\"},{\"@type\":\"Organization\",\"@id\":\"https:\/\/melucia02.graphisteriegenerale.com\/#organization\",\"name\":\"M\u00e9lucia\",\"url\":\"https:\/\/melucia02.graphisteriegenerale.com\/\",\"logo\":{\"@type\":\"ImageObject\",\"inLanguage\":\"fr-FR\",\"@id\":\"https:\/\/melucia02.graphisteriegenerale.com\/#\/schema\/logo\/image\/\",\"url\":\"http:\/\/melucia02.graphisteriegenerale.com\/wp-content\/uploads\/2022\/02\/melucia_logo.svg\",\"contentUrl\":\"http:\/\/melucia02.graphisteriegenerale.com\/wp-content\/uploads\/2022\/02\/melucia_logo.svg\",\"width\":\"1024\",\"height\":\"1024\",\"caption\":\"M\u00e9lucia\"},\"image\":{\"@id\":\"https:\/\/melucia02.graphisteriegenerale.com\/#\/schema\/logo\/image\/\"},\"sameAs\":[\"https:\/\/www.facebook.com\/melucia.skincare\/\",\"https:\/\/www.instagram.com\/melucia.skincare\/?hl=fr\"]}]}<\/script>\n<!-- \/ Yoast SEO plugin. -->","yoast_head_json":{"title":"La routine compl\u00e8te - Melucia","robots":{"index":"index","follow":"follow","max-snippet":"max-snippet:-1","max-image-preview":"max-image-preview:large","max-video-preview":"max-video-preview:-1"},"canonical":"https:\/\/melucia02.graphisteriegenerale.com\/fr\/les-essentiels\/la-routine-complete\/","og_locale":"fr_FR","og_type":"article","og_title":"La routine compl\u00e8te - Melucia","og_description":"Craquez pour la routine compl\u00e8te m\u00e9lucia !  Nos 3 gestes essentiels, adapt\u00e9s \u00e0 tous les types de peau, pour un teint plus frais, plus net et plus lumineux.  Ce kit contient: - l'huile d\u00e9maquillante purifiante (100ml) - la cr\u00e8me hydratante r\u00e9\u00e9quilibrante (50ml) - l'huile de soin apaisante (15ml)  Dur\u00e9e d'utilisation: 2 mois","og_url":"https:\/\/melucia02.graphisteriegenerale.com\/fr\/les-essentiels\/la-routine-complete\/","og_site_name":"Melucia","article_publisher":"https:\/\/www.facebook.com\/melucia.skincare\/","article_modified_time":"2023-07-07T07:43:41+00:00","og_image":[{"width":1800,"height":1800,"url":"https:\/\/melucia02.graphisteriegenerale.com\/wp-content\/uploads\/2022\/02\/packshot_routine_3.png","type":"image\/png"}],"twitter_card":"summary_large_image","schema":{"@context":"https:\/\/schema.org","@graph":[{"@type":"WebPage","@id":"https:\/\/melucia02.graphisteriegenerale.com\/fr\/les-essentiels\/la-routine-complete\/","url":"https:\/\/melucia02.graphisteriegenerale.com\/fr\/les-essentiels\/la-routine-complete\/","name":"La routine compl\u00e8te - Melucia","isPartOf":{"@id":"https:\/\/melucia02.graphisteriegenerale.com\/#website"},"datePublished":"2022-02-01T13:24:52+00:00","dateModified":"2023-07-07T07:43:41+00:00","breadcrumb":{"@id":"https:\/\/melucia02.graphisteriegenerale.com\/fr\/les-essentiels\/la-routine-complete\/#breadcrumb"},"inLanguage":"fr-FR","potentialAction":[{"@type":"ReadAction","target":["https:\/\/melucia02.graphisteriegenerale.com\/fr\/les-essentiels\/la-routine-complete\/"]}]},{"@type":"BreadcrumbList","@id":"https:\/\/melucia02.graphisteriegenerale.com\/fr\/les-essentiels\/la-routine-complete\/#breadcrumb","itemListElement":[{"@type":"ListItem","position":1,"name":"Accueil","item":"https:\/\/melucia02.graphisteriegenerale.com\/fr\/"},{"@type":"ListItem","position":2,"name":"La routine compl\u00e8te"}]},{"@type":"WebSite","@id":"https:\/\/melucia02.graphisteriegenerale.com\/#website","url":"https:\/\/melucia02.graphisteriegenerale.com\/","name":"Melucia","description":"Essential Skincare","publisher":{"@id":"https:\/\/melucia02.graphisteriegenerale.com\/#organization"},"potentialAction":[{"@type":"SearchAction","target":{"@type":"EntryPoint","urlTemplate":"https:\/\/melucia02.graphisteriegenerale.com\/?s={search_term_string}"},"query-input":"required name=search_term_string"}],"inLanguage":"fr-FR"},{"@type":"Organization","@id":"https:\/\/melucia02.graphisteriegenerale.com\/#organization","name":"M\u00e9lucia","url":"https:\/\/melucia02.graphisteriegenerale.com\/","logo":{"@type":"ImageObject","inLanguage":"fr-FR","@id":"https:\/\/melucia02.graphisteriegenerale.com\/#\/schema\/logo\/image\/","url":"http:\/\/melucia02.graphisteriegenerale.com\/wp-content\/uploads\/2022\/02\/melucia_logo.svg","contentUrl":"http:\/\/melucia02.graphisteriegenerale.com\/wp-content\/uploads\/2022\/02\/melucia_logo.svg","width":"1024","height":"1024","caption":"M\u00e9lucia"},"image":{"@id":"https:\/\/melucia02.graphisteriegenerale.com\/#\/schema\/logo\/image\/"},"sameAs":["https:\/\/www.facebook.com\/melucia.skincare\/","https:\/\/www.instagram.com\/melucia.skincare\/?hl=fr"]}]}},"_links":{"self":[{"href":"https:\/\/melucia02.graphisteriegenerale.com\/fr\/wp-json\/wp\/v2\/product\/148","targetHints":{"allow":["GET"]}}],"collection":[{"href":"https:\/\/melucia02.graphisteriegenerale.com\/fr\/wp-json\/wp\/v2\/product"}],"about":[{"href":"https:\/\/melucia02.graphisteriegenerale.com\/fr\/wp-json\/wp\/v2\/types\/product"}],"wp:featuredmedia":[{"embeddable":true,"href":"https:\/\/melucia02.graphisteriegenerale.com\/fr\/wp-json\/wp\/v2\/media\/731"}],"wp:attachment":[{"href":"https:\/\/melucia02.graphisteriegenerale.com\/fr\/wp-json\/wp\/v2\/media?parent=148"}],"wp:term":[{"taxonomy":"product_cat","embeddable":true,"href":"https:\/\/melucia02.graphisteriegenerale.com\/fr\/wp-json\/wp\/v2\/product_cat?post=148"},{"taxonomy":"product_tag","embeddable":true,"href":"https:\/\/melucia02.graphisteriegenerale.com\/fr\/wp-json\/wp\/v2\/product_tag?post=148"}],"curies":[{"name":"wp","href":"https:\/\/api.w.org\/{rel}","templated":true}]}}