{"id":123,"date":"2022-02-02T12:04:01","date_gmt":"2022-02-02T11:04:01","guid":{"rendered":"http:\/\/melucia02.graphisteriegenerale.com\/?post_type=product&#038;p=123"},"modified":"2023-06-27T15:31:39","modified_gmt":"2023-06-27T13:31:39","slug":"creme-hydratante-reequilibrante","status":"publish","type":"product","link":"https:\/\/melucia02.graphisteriegenerale.com\/fr\/les-essentiels\/creme-hydratante-reequilibrante\/","title":{"rendered":"Cr\u00e8me hydratante r\u00e9\u00e9quilibrante"},"content":{"rendered":"","protected":false},"excerpt":{"rendered":"<p>Une cr\u00e8me \u00e0 la texture l\u00e9g\u00e8re et fondante, riche en actifs hydratants, r\u00e9\u00e9quilibrants et apaisants, pour une peau rayonnante de beaut\u00e9.<\/p>\n<p>Acide hyaluronique &#038; probiotiques<br \/>\nConvient \u00e0 tout type de peau<\/p>\n<p><strong>Contenance:<\/strong> 50ml &#8211; 1.7 fl. oz.  |  <strong>Dur\u00e9e d&#8217;utilisation:<\/strong> 2 mois<\/p>\n","protected":false},"featured_media":715,"template":"","meta":{"inline_featured_image":false},"product_cat":[27],"product_tag":[],"class_list":["post-123","product","type-product","status-publish","has-post-thumbnail","hentry","product_cat-hydrater"],"acf":[],"yoast_head":"<!-- This site is optimized with the Yoast SEO plugin v20.12 - https:\/\/yoast.com\/wordpress\/plugins\/seo\/ -->\n<title>Cr\u00e8me hydratante r\u00e9\u00e9quilibrante - Melucia<\/title>\n<meta name=\"description\" content=\"Une cr\u00e8me universelle \u00e0 la texture fondante et l\u00e9g\u00e8re, enrichie en actifs hydratants, r\u00e9\u00e9quilibrants et apaisants.\" \/>\n<meta name=\"robots\" content=\"index, follow, max-snippet:-1, max-image-preview:large, max-video-preview:-1\" \/>\n<link rel=\"canonical\" href=\"https:\/\/melucia02.graphisteriegenerale.com\/fr\/les-essentiels\/creme-hydratante-reequilibrante\/\" \/>\n<meta property=\"og:locale\" content=\"fr_FR\" \/>\n<meta property=\"og:type\" content=\"article\" \/>\n<meta property=\"og:title\" content=\"Cr\u00e8me hydratante r\u00e9\u00e9quilibrante - Melucia\" \/>\n<meta property=\"og:description\" content=\"Une cr\u00e8me universelle \u00e0 la texture fondante et l\u00e9g\u00e8re, enrichie en actifs hydratants, r\u00e9\u00e9quilibrants et apaisants.\" \/>\n<meta property=\"og:url\" content=\"https:\/\/melucia02.graphisteriegenerale.com\/fr\/les-essentiels\/creme-hydratante-reequilibrante\/\" \/>\n<meta property=\"og:site_name\" content=\"Melucia\" \/>\n<meta property=\"article:publisher\" content=\"https:\/\/www.facebook.com\/melucia.skincare\/\" \/>\n<meta property=\"article:modified_time\" content=\"2023-06-27T13:31:39+00:00\" \/>\n<meta property=\"og:image\" content=\"https:\/\/melucia02.graphisteriegenerale.com\/wp-content\/uploads\/2022\/02\/packshot_03-3-1024x1024.png\" \/>\n\t<meta property=\"og:image:width\" content=\"1024\" \/>\n\t<meta property=\"og:image:height\" content=\"1024\" \/>\n\t<meta property=\"og:image:type\" content=\"image\/png\" \/>\n<meta name=\"twitter:card\" content=\"summary_large_image\" \/>\n<script type=\"application\/ld+json\" class=\"yoast-schema-graph\">{\"@context\":\"https:\/\/schema.org\",\"@graph\":[{\"@type\":\"WebPage\",\"@id\":\"https:\/\/melucia02.graphisteriegenerale.com\/fr\/les-essentiels\/creme-hydratante-reequilibrante\/\",\"url\":\"https:\/\/melucia02.graphisteriegenerale.com\/fr\/les-essentiels\/creme-hydratante-reequilibrante\/\",\"name\":\"Cr\u00e8me hydratante r\u00e9\u00e9quilibrante - Melucia\",\"isPartOf\":{\"@id\":\"https:\/\/melucia02.graphisteriegenerale.com\/#website\"},\"datePublished\":\"2022-02-02T11:04:01+00:00\",\"dateModified\":\"2023-06-27T13:31:39+00:00\",\"description\":\"Une cr\u00e8me universelle \u00e0 la texture fondante et l\u00e9g\u00e8re, enrichie en actifs hydratants, r\u00e9\u00e9quilibrants et apaisants.\",\"breadcrumb\":{\"@id\":\"https:\/\/melucia02.graphisteriegenerale.com\/fr\/les-essentiels\/creme-hydratante-reequilibrante\/#breadcrumb\"},\"inLanguage\":\"fr-FR\",\"potentialAction\":[{\"@type\":\"ReadAction\",\"target\":[\"https:\/\/melucia02.graphisteriegenerale.com\/fr\/les-essentiels\/creme-hydratante-reequilibrante\/\"]}]},{\"@type\":\"BreadcrumbList\",\"@id\":\"https:\/\/melucia02.graphisteriegenerale.com\/fr\/les-essentiels\/creme-hydratante-reequilibrante\/#breadcrumb\",\"itemListElement\":[{\"@type\":\"ListItem\",\"position\":1,\"name\":\"Accueil\",\"item\":\"https:\/\/melucia02.graphisteriegenerale.com\/fr\/\"},{\"@type\":\"ListItem\",\"position\":2,\"name\":\"Cr\u00e8me hydratante r\u00e9\u00e9quilibrante\"}]},{\"@type\":\"WebSite\",\"@id\":\"https:\/\/melucia02.graphisteriegenerale.com\/#website\",\"url\":\"https:\/\/melucia02.graphisteriegenerale.com\/\",\"name\":\"Melucia\",\"description\":\"Essential Skincare\",\"publisher\":{\"@id\":\"https:\/\/melucia02.graphisteriegenerale.com\/#organization\"},\"potentialAction\":[{\"@type\":\"SearchAction\",\"target\":{\"@type\":\"EntryPoint\",\"urlTemplate\":\"https:\/\/melucia02.graphisteriegenerale.com\/?s={search_term_string}\"},\"query-input\":\"required name=search_term_string\"}],\"inLanguage\":\"fr-FR\"},{\"@type\":\"Organization\",\"@id\":\"https:\/\/melucia02.graphisteriegenerale.com\/#organization\",\"name\":\"M\u00e9lucia\",\"url\":\"https:\/\/melucia02.graphisteriegenerale.com\/\",\"logo\":{\"@type\":\"ImageObject\",\"inLanguage\":\"fr-FR\",\"@id\":\"https:\/\/melucia02.graphisteriegenerale.com\/#\/schema\/logo\/image\/\",\"url\":\"http:\/\/melucia02.graphisteriegenerale.com\/wp-content\/uploads\/2022\/02\/melucia_logo.svg\",\"contentUrl\":\"http:\/\/melucia02.graphisteriegenerale.com\/wp-content\/uploads\/2022\/02\/melucia_logo.svg\",\"width\":\"1024\",\"height\":\"1024\",\"caption\":\"M\u00e9lucia\"},\"image\":{\"@id\":\"https:\/\/melucia02.graphisteriegenerale.com\/#\/schema\/logo\/image\/\"},\"sameAs\":[\"https:\/\/www.facebook.com\/melucia.skincare\/\",\"https:\/\/www.instagram.com\/melucia.skincare\/?hl=fr\"]}]}<\/script>\n<!-- \/ Yoast SEO plugin. -->","yoast_head_json":{"title":"Cr\u00e8me hydratante r\u00e9\u00e9quilibrante - Melucia","description":"Une cr\u00e8me universelle \u00e0 la texture fondante et l\u00e9g\u00e8re, enrichie en actifs hydratants, r\u00e9\u00e9quilibrants et apaisants.","robots":{"index":"index","follow":"follow","max-snippet":"max-snippet:-1","max-image-preview":"max-image-preview:large","max-video-preview":"max-video-preview:-1"},"canonical":"https:\/\/melucia02.graphisteriegenerale.com\/fr\/les-essentiels\/creme-hydratante-reequilibrante\/","og_locale":"fr_FR","og_type":"article","og_title":"Cr\u00e8me hydratante r\u00e9\u00e9quilibrante - Melucia","og_description":"Une cr\u00e8me universelle \u00e0 la texture fondante et l\u00e9g\u00e8re, enrichie en actifs hydratants, r\u00e9\u00e9quilibrants et apaisants.","og_url":"https:\/\/melucia02.graphisteriegenerale.com\/fr\/les-essentiels\/creme-hydratante-reequilibrante\/","og_site_name":"Melucia","article_publisher":"https:\/\/www.facebook.com\/melucia.skincare\/","article_modified_time":"2023-06-27T13:31:39+00:00","og_image":[{"width":1024,"height":1024,"url":"https:\/\/melucia02.graphisteriegenerale.com\/wp-content\/uploads\/2022\/02\/packshot_03-3-1024x1024.png","type":"image\/png"}],"twitter_card":"summary_large_image","schema":{"@context":"https:\/\/schema.org","@graph":[{"@type":"WebPage","@id":"https:\/\/melucia02.graphisteriegenerale.com\/fr\/les-essentiels\/creme-hydratante-reequilibrante\/","url":"https:\/\/melucia02.graphisteriegenerale.com\/fr\/les-essentiels\/creme-hydratante-reequilibrante\/","name":"Cr\u00e8me hydratante r\u00e9\u00e9quilibrante - Melucia","isPartOf":{"@id":"https:\/\/melucia02.graphisteriegenerale.com\/#website"},"datePublished":"2022-02-02T11:04:01+00:00","dateModified":"2023-06-27T13:31:39+00:00","description":"Une cr\u00e8me universelle \u00e0 la texture fondante et l\u00e9g\u00e8re, enrichie en actifs hydratants, r\u00e9\u00e9quilibrants et apaisants.","breadcrumb":{"@id":"https:\/\/melucia02.graphisteriegenerale.com\/fr\/les-essentiels\/creme-hydratante-reequilibrante\/#breadcrumb"},"inLanguage":"fr-FR","potentialAction":[{"@type":"ReadAction","target":["https:\/\/melucia02.graphisteriegenerale.com\/fr\/les-essentiels\/creme-hydratante-reequilibrante\/"]}]},{"@type":"BreadcrumbList","@id":"https:\/\/melucia02.graphisteriegenerale.com\/fr\/les-essentiels\/creme-hydratante-reequilibrante\/#breadcrumb","itemListElement":[{"@type":"ListItem","position":1,"name":"Accueil","item":"https:\/\/melucia02.graphisteriegenerale.com\/fr\/"},{"@type":"ListItem","position":2,"name":"Cr\u00e8me hydratante r\u00e9\u00e9quilibrante"}]},{"@type":"WebSite","@id":"https:\/\/melucia02.graphisteriegenerale.com\/#website","url":"https:\/\/melucia02.graphisteriegenerale.com\/","name":"Melucia","description":"Essential Skincare","publisher":{"@id":"https:\/\/melucia02.graphisteriegenerale.com\/#organization"},"potentialAction":[{"@type":"SearchAction","target":{"@type":"EntryPoint","urlTemplate":"https:\/\/melucia02.graphisteriegenerale.com\/?s={search_term_string}"},"query-input":"required name=search_term_string"}],"inLanguage":"fr-FR"},{"@type":"Organization","@id":"https:\/\/melucia02.graphisteriegenerale.com\/#organization","name":"M\u00e9lucia","url":"https:\/\/melucia02.graphisteriegenerale.com\/","logo":{"@type":"ImageObject","inLanguage":"fr-FR","@id":"https:\/\/melucia02.graphisteriegenerale.com\/#\/schema\/logo\/image\/","url":"http:\/\/melucia02.graphisteriegenerale.com\/wp-content\/uploads\/2022\/02\/melucia_logo.svg","contentUrl":"http:\/\/melucia02.graphisteriegenerale.com\/wp-content\/uploads\/2022\/02\/melucia_logo.svg","width":"1024","height":"1024","caption":"M\u00e9lucia"},"image":{"@id":"https:\/\/melucia02.graphisteriegenerale.com\/#\/schema\/logo\/image\/"},"sameAs":["https:\/\/www.facebook.com\/melucia.skincare\/","https:\/\/www.instagram.com\/melucia.skincare\/?hl=fr"]}]}},"_links":{"self":[{"href":"https:\/\/melucia02.graphisteriegenerale.com\/fr\/wp-json\/wp\/v2\/product\/123","targetHints":{"allow":["GET"]}}],"collection":[{"href":"https:\/\/melucia02.graphisteriegenerale.com\/fr\/wp-json\/wp\/v2\/product"}],"about":[{"href":"https:\/\/melucia02.graphisteriegenerale.com\/fr\/wp-json\/wp\/v2\/types\/product"}],"wp:featuredmedia":[{"embeddable":true,"href":"https:\/\/melucia02.graphisteriegenerale.com\/fr\/wp-json\/wp\/v2\/media\/715"}],"wp:attachment":[{"href":"https:\/\/melucia02.graphisteriegenerale.com\/fr\/wp-json\/wp\/v2\/media?parent=123"}],"wp:term":[{"taxonomy":"product_cat","embeddable":true,"href":"https:\/\/melucia02.graphisteriegenerale.com\/fr\/wp-json\/wp\/v2\/product_cat?post=123"},{"taxonomy":"product_tag","embeddable":true,"href":"https:\/\/melucia02.graphisteriegenerale.com\/fr\/wp-json\/wp\/v2\/product_tag?post=123"}],"curies":[{"name":"wp","href":"https:\/\/api.w.org\/{rel}","templated":true}]}}