{"id":113,"date":"2022-02-04T12:00:30","date_gmt":"2022-02-04T11:00:30","guid":{"rendered":"http:\/\/melucia02.graphisteriegenerale.com\/?post_type=product&#038;p=113"},"modified":"2023-07-07T10:37:27","modified_gmt":"2023-07-07T08:37:27","slug":"huile-demaquillante-purifiante","status":"publish","type":"product","link":"https:\/\/melucia02.graphisteriegenerale.com\/fr\/les-essentiels\/huile-demaquillante-purifiante\/","title":{"rendered":"Huile d\u00e9maquillante purifiante"},"content":{"rendered":"","protected":false},"excerpt":{"rendered":"<p>Enrichie en huile de pavot et en extrait de thym, cette huile d\u00e9maquillante nettoie, d\u00e9maquille et purifie la peau en un seul geste, tout en douceur. \u00c0 l&#8217;application, sa texture huileuse d\u00e9tache les impuret\u00e9s et le maquillage (m\u00eame tenace). Puis, au contact de l&#8217;eau, elle se transforme en lait onctueux, pour un rin\u00e7age rapide et facile.<\/p>\n<p>Huile de pavot &amp; extrait de thym<br \/>\nConvient \u00e0 tout type de peau<\/p>\n<p><strong>Contenance:<\/strong> 100ml &#8211; 3.3 fl. oz | <strong>Dur\u00e9e d&#8217;utilisation:<\/strong> 2 mois<\/p>\n","protected":false},"featured_media":271,"template":"","meta":{"inline_featured_image":false},"product_cat":[26],"product_tag":[],"class_list":["post-113","product","type-product","status-publish","has-post-thumbnail","hentry","product_cat-nettoyer"],"acf":[],"yoast_head":"<!-- This site is optimized with the Yoast SEO plugin v20.12 - https:\/\/yoast.com\/wordpress\/plugins\/seo\/ -->\n<title>Huile d\u00e9maquillante purifiante - Melucia<\/title>\n<meta name=\"description\" content=\"Enrichie en huile de pavot et en extrait de thym, cette huile nettoie, d\u00e9maquille et purifie la peau en un seul geste, tout en douceur.\" \/>\n<meta name=\"robots\" content=\"index, follow, max-snippet:-1, max-image-preview:large, max-video-preview:-1\" \/>\n<link rel=\"canonical\" href=\"https:\/\/melucia02.graphisteriegenerale.com\/fr\/les-essentiels\/huile-demaquillante-purifiante\/\" \/>\n<meta property=\"og:locale\" content=\"fr_FR\" \/>\n<meta property=\"og:type\" content=\"article\" \/>\n<meta property=\"og:title\" content=\"Huile d\u00e9maquillante purifiante - Melucia\" \/>\n<meta property=\"og:description\" content=\"Enrichie en huile de pavot et en extrait de thym, cette huile nettoie, d\u00e9maquille et purifie la peau en un seul geste, tout en douceur.\" \/>\n<meta property=\"og:url\" content=\"https:\/\/melucia02.graphisteriegenerale.com\/fr\/les-essentiels\/huile-demaquillante-purifiante\/\" \/>\n<meta property=\"og:site_name\" content=\"Melucia\" \/>\n<meta property=\"article:publisher\" content=\"https:\/\/www.facebook.com\/melucia.skincare\/\" \/>\n<meta property=\"article:modified_time\" content=\"2023-07-07T08:37:27+00:00\" \/>\n<meta property=\"og:image\" content=\"https:\/\/melucia02.graphisteriegenerale.com\/wp-content\/uploads\/2022\/02\/packshot_01.png\" \/>\n\t<meta property=\"og:image:width\" content=\"1800\" \/>\n\t<meta property=\"og:image:height\" content=\"1800\" \/>\n\t<meta property=\"og:image:type\" content=\"image\/png\" \/>\n<meta name=\"twitter:card\" content=\"summary_large_image\" \/>\n<script type=\"application\/ld+json\" class=\"yoast-schema-graph\">{\"@context\":\"https:\/\/schema.org\",\"@graph\":[{\"@type\":\"WebPage\",\"@id\":\"https:\/\/melucia02.graphisteriegenerale.com\/fr\/les-essentiels\/huile-demaquillante-purifiante\/\",\"url\":\"https:\/\/melucia02.graphisteriegenerale.com\/fr\/les-essentiels\/huile-demaquillante-purifiante\/\",\"name\":\"Huile d\u00e9maquillante purifiante - Melucia\",\"isPartOf\":{\"@id\":\"https:\/\/melucia02.graphisteriegenerale.com\/#website\"},\"datePublished\":\"2022-02-04T11:00:30+00:00\",\"dateModified\":\"2023-07-07T08:37:27+00:00\",\"description\":\"Enrichie en huile de pavot et en extrait de thym, cette huile nettoie, d\u00e9maquille et purifie la peau en un seul geste, tout en douceur.\",\"breadcrumb\":{\"@id\":\"https:\/\/melucia02.graphisteriegenerale.com\/fr\/les-essentiels\/huile-demaquillante-purifiante\/#breadcrumb\"},\"inLanguage\":\"fr-FR\",\"potentialAction\":[{\"@type\":\"ReadAction\",\"target\":[\"https:\/\/melucia02.graphisteriegenerale.com\/fr\/les-essentiels\/huile-demaquillante-purifiante\/\"]}]},{\"@type\":\"BreadcrumbList\",\"@id\":\"https:\/\/melucia02.graphisteriegenerale.com\/fr\/les-essentiels\/huile-demaquillante-purifiante\/#breadcrumb\",\"itemListElement\":[{\"@type\":\"ListItem\",\"position\":1,\"name\":\"Accueil\",\"item\":\"https:\/\/melucia02.graphisteriegenerale.com\/fr\/\"},{\"@type\":\"ListItem\",\"position\":2,\"name\":\"Huile d\u00e9maquillante purifiante\"}]},{\"@type\":\"WebSite\",\"@id\":\"https:\/\/melucia02.graphisteriegenerale.com\/#website\",\"url\":\"https:\/\/melucia02.graphisteriegenerale.com\/\",\"name\":\"Melucia\",\"description\":\"Essential Skincare\",\"publisher\":{\"@id\":\"https:\/\/melucia02.graphisteriegenerale.com\/#organization\"},\"potentialAction\":[{\"@type\":\"SearchAction\",\"target\":{\"@type\":\"EntryPoint\",\"urlTemplate\":\"https:\/\/melucia02.graphisteriegenerale.com\/?s={search_term_string}\"},\"query-input\":\"required name=search_term_string\"}],\"inLanguage\":\"fr-FR\"},{\"@type\":\"Organization\",\"@id\":\"https:\/\/melucia02.graphisteriegenerale.com\/#organization\",\"name\":\"M\u00e9lucia\",\"url\":\"https:\/\/melucia02.graphisteriegenerale.com\/\",\"logo\":{\"@type\":\"ImageObject\",\"inLanguage\":\"fr-FR\",\"@id\":\"https:\/\/melucia02.graphisteriegenerale.com\/#\/schema\/logo\/image\/\",\"url\":\"http:\/\/melucia02.graphisteriegenerale.com\/wp-content\/uploads\/2022\/02\/melucia_logo.svg\",\"contentUrl\":\"http:\/\/melucia02.graphisteriegenerale.com\/wp-content\/uploads\/2022\/02\/melucia_logo.svg\",\"width\":\"1024\",\"height\":\"1024\",\"caption\":\"M\u00e9lucia\"},\"image\":{\"@id\":\"https:\/\/melucia02.graphisteriegenerale.com\/#\/schema\/logo\/image\/\"},\"sameAs\":[\"https:\/\/www.facebook.com\/melucia.skincare\/\",\"https:\/\/www.instagram.com\/melucia.skincare\/?hl=fr\"]}]}<\/script>\n<!-- \/ Yoast SEO plugin. -->","yoast_head_json":{"title":"Huile d\u00e9maquillante purifiante - Melucia","description":"Enrichie en huile de pavot et en extrait de thym, cette huile nettoie, d\u00e9maquille et purifie la peau en un seul geste, tout en douceur.","robots":{"index":"index","follow":"follow","max-snippet":"max-snippet:-1","max-image-preview":"max-image-preview:large","max-video-preview":"max-video-preview:-1"},"canonical":"https:\/\/melucia02.graphisteriegenerale.com\/fr\/les-essentiels\/huile-demaquillante-purifiante\/","og_locale":"fr_FR","og_type":"article","og_title":"Huile d\u00e9maquillante purifiante - Melucia","og_description":"Enrichie en huile de pavot et en extrait de thym, cette huile nettoie, d\u00e9maquille et purifie la peau en un seul geste, tout en douceur.","og_url":"https:\/\/melucia02.graphisteriegenerale.com\/fr\/les-essentiels\/huile-demaquillante-purifiante\/","og_site_name":"Melucia","article_publisher":"https:\/\/www.facebook.com\/melucia.skincare\/","article_modified_time":"2023-07-07T08:37:27+00:00","og_image":[{"width":1800,"height":1800,"url":"https:\/\/melucia02.graphisteriegenerale.com\/wp-content\/uploads\/2022\/02\/packshot_01.png","type":"image\/png"}],"twitter_card":"summary_large_image","schema":{"@context":"https:\/\/schema.org","@graph":[{"@type":"WebPage","@id":"https:\/\/melucia02.graphisteriegenerale.com\/fr\/les-essentiels\/huile-demaquillante-purifiante\/","url":"https:\/\/melucia02.graphisteriegenerale.com\/fr\/les-essentiels\/huile-demaquillante-purifiante\/","name":"Huile d\u00e9maquillante purifiante - Melucia","isPartOf":{"@id":"https:\/\/melucia02.graphisteriegenerale.com\/#website"},"datePublished":"2022-02-04T11:00:30+00:00","dateModified":"2023-07-07T08:37:27+00:00","description":"Enrichie en huile de pavot et en extrait de thym, cette huile nettoie, d\u00e9maquille et purifie la peau en un seul geste, tout en douceur.","breadcrumb":{"@id":"https:\/\/melucia02.graphisteriegenerale.com\/fr\/les-essentiels\/huile-demaquillante-purifiante\/#breadcrumb"},"inLanguage":"fr-FR","potentialAction":[{"@type":"ReadAction","target":["https:\/\/melucia02.graphisteriegenerale.com\/fr\/les-essentiels\/huile-demaquillante-purifiante\/"]}]},{"@type":"BreadcrumbList","@id":"https:\/\/melucia02.graphisteriegenerale.com\/fr\/les-essentiels\/huile-demaquillante-purifiante\/#breadcrumb","itemListElement":[{"@type":"ListItem","position":1,"name":"Accueil","item":"https:\/\/melucia02.graphisteriegenerale.com\/fr\/"},{"@type":"ListItem","position":2,"name":"Huile d\u00e9maquillante purifiante"}]},{"@type":"WebSite","@id":"https:\/\/melucia02.graphisteriegenerale.com\/#website","url":"https:\/\/melucia02.graphisteriegenerale.com\/","name":"Melucia","description":"Essential Skincare","publisher":{"@id":"https:\/\/melucia02.graphisteriegenerale.com\/#organization"},"potentialAction":[{"@type":"SearchAction","target":{"@type":"EntryPoint","urlTemplate":"https:\/\/melucia02.graphisteriegenerale.com\/?s={search_term_string}"},"query-input":"required name=search_term_string"}],"inLanguage":"fr-FR"},{"@type":"Organization","@id":"https:\/\/melucia02.graphisteriegenerale.com\/#organization","name":"M\u00e9lucia","url":"https:\/\/melucia02.graphisteriegenerale.com\/","logo":{"@type":"ImageObject","inLanguage":"fr-FR","@id":"https:\/\/melucia02.graphisteriegenerale.com\/#\/schema\/logo\/image\/","url":"http:\/\/melucia02.graphisteriegenerale.com\/wp-content\/uploads\/2022\/02\/melucia_logo.svg","contentUrl":"http:\/\/melucia02.graphisteriegenerale.com\/wp-content\/uploads\/2022\/02\/melucia_logo.svg","width":"1024","height":"1024","caption":"M\u00e9lucia"},"image":{"@id":"https:\/\/melucia02.graphisteriegenerale.com\/#\/schema\/logo\/image\/"},"sameAs":["https:\/\/www.facebook.com\/melucia.skincare\/","https:\/\/www.instagram.com\/melucia.skincare\/?hl=fr"]}]}},"_links":{"self":[{"href":"https:\/\/melucia02.graphisteriegenerale.com\/fr\/wp-json\/wp\/v2\/product\/113","targetHints":{"allow":["GET"]}}],"collection":[{"href":"https:\/\/melucia02.graphisteriegenerale.com\/fr\/wp-json\/wp\/v2\/product"}],"about":[{"href":"https:\/\/melucia02.graphisteriegenerale.com\/fr\/wp-json\/wp\/v2\/types\/product"}],"wp:featuredmedia":[{"embeddable":true,"href":"https:\/\/melucia02.graphisteriegenerale.com\/fr\/wp-json\/wp\/v2\/media\/271"}],"wp:attachment":[{"href":"https:\/\/melucia02.graphisteriegenerale.com\/fr\/wp-json\/wp\/v2\/media?parent=113"}],"wp:term":[{"taxonomy":"product_cat","embeddable":true,"href":"https:\/\/melucia02.graphisteriegenerale.com\/fr\/wp-json\/wp\/v2\/product_cat?post=113"},{"taxonomy":"product_tag","embeddable":true,"href":"https:\/\/melucia02.graphisteriegenerale.com\/fr\/wp-json\/wp\/v2\/product_tag?post=113"}],"curies":[{"name":"wp","href":"https:\/\/api.w.org\/{rel}","templated":true}]}}