{"id":24,"date":"2022-02-01T11:14:09","date_gmt":"2022-02-01T10:14:09","guid":{"rendered":"http:\/\/melucia02.graphisteriegenerale.com\/?page_id=24"},"modified":"2023-01-05T18:19:58","modified_gmt":"2023-01-05T17:19:58","slug":"la-marque","status":"publish","type":"page","link":"https:\/\/melucia02.graphisteriegenerale.com\/fr\/la-marque\/","title":{"rendered":"La marque"},"content":{"rendered":"","protected":false},"excerpt":{"rendered":"","protected":false},"author":1,"featured_media":0,"parent":0,"menu_order":0,"comment_status":"closed","ping_status":"closed","template":"template-concept.php","meta":{"inline_featured_image":false,"footnotes":""},"class_list":["post-24","page","type-page","status-publish","hentry"],"acf":[],"yoast_head":"<!-- This site is optimized with the Yoast SEO plugin v20.12 - https:\/\/yoast.com\/wordpress\/plugins\/seo\/ -->\n<title>La marque - Melucia<\/title>\n<meta name=\"description\" content=\"Notre mission chez m\u00e9lucia est de vous proposer des soins cosm\u00e9tiques fabriqu\u00e9s en circuit-court au Luxembourg.\" \/>\n<meta name=\"robots\" content=\"index, follow, max-snippet:-1, max-image-preview:large, max-video-preview:-1\" \/>\n<link rel=\"canonical\" href=\"https:\/\/melucia02.graphisteriegenerale.com\/fr\/la-marque\/\" \/>\n<meta property=\"og:locale\" content=\"fr_FR\" \/>\n<meta property=\"og:type\" content=\"article\" \/>\n<meta property=\"og:title\" content=\"La marque - Melucia\" \/>\n<meta property=\"og:description\" content=\"Notre mission chez m\u00e9lucia est de vous proposer des soins cosm\u00e9tiques fabriqu\u00e9s en circuit-court au Luxembourg.\" \/>\n<meta property=\"og:url\" content=\"https:\/\/melucia02.graphisteriegenerale.com\/fr\/la-marque\/\" \/>\n<meta property=\"og:site_name\" content=\"Melucia\" \/>\n<meta property=\"article:publisher\" content=\"https:\/\/www.facebook.com\/melucia.skincare\/\" \/>\n<meta property=\"article:modified_time\" content=\"2023-01-05T17:19:58+00:00\" \/>\n<meta name=\"twitter:card\" content=\"summary_large_image\" \/>\n<script type=\"application\/ld+json\" class=\"yoast-schema-graph\">{\"@context\":\"https:\/\/schema.org\",\"@graph\":[{\"@type\":\"WebPage\",\"@id\":\"https:\/\/melucia02.graphisteriegenerale.com\/fr\/la-marque\/\",\"url\":\"https:\/\/melucia02.graphisteriegenerale.com\/fr\/la-marque\/\",\"name\":\"La marque - Melucia\",\"isPartOf\":{\"@id\":\"https:\/\/melucia02.graphisteriegenerale.com\/#website\"},\"datePublished\":\"2022-02-01T10:14:09+00:00\",\"dateModified\":\"2023-01-05T17:19:58+00:00\",\"description\":\"Notre mission chez m\u00e9lucia est de vous proposer des soins cosm\u00e9tiques fabriqu\u00e9s en circuit-court au Luxembourg.\",\"breadcrumb\":{\"@id\":\"https:\/\/melucia02.graphisteriegenerale.com\/fr\/la-marque\/#breadcrumb\"},\"inLanguage\":\"fr-FR\",\"potentialAction\":[{\"@type\":\"ReadAction\",\"target\":[\"https:\/\/melucia02.graphisteriegenerale.com\/fr\/la-marque\/\"]}]},{\"@type\":\"BreadcrumbList\",\"@id\":\"https:\/\/melucia02.graphisteriegenerale.com\/fr\/la-marque\/#breadcrumb\",\"itemListElement\":[{\"@type\":\"ListItem\",\"position\":1,\"name\":\"Accueil\",\"item\":\"https:\/\/melucia02.graphisteriegenerale.com\/fr\/\"},{\"@type\":\"ListItem\",\"position\":2,\"name\":\"La marque\"}]},{\"@type\":\"WebSite\",\"@id\":\"https:\/\/melucia02.graphisteriegenerale.com\/#website\",\"url\":\"https:\/\/melucia02.graphisteriegenerale.com\/\",\"name\":\"Melucia\",\"description\":\"Essential Skincare\",\"publisher\":{\"@id\":\"https:\/\/melucia02.graphisteriegenerale.com\/#organization\"},\"potentialAction\":[{\"@type\":\"SearchAction\",\"target\":{\"@type\":\"EntryPoint\",\"urlTemplate\":\"https:\/\/melucia02.graphisteriegenerale.com\/?s={search_term_string}\"},\"query-input\":\"required name=search_term_string\"}],\"inLanguage\":\"fr-FR\"},{\"@type\":\"Organization\",\"@id\":\"https:\/\/melucia02.graphisteriegenerale.com\/#organization\",\"name\":\"M\u00e9lucia\",\"url\":\"https:\/\/melucia02.graphisteriegenerale.com\/\",\"logo\":{\"@type\":\"ImageObject\",\"inLanguage\":\"fr-FR\",\"@id\":\"https:\/\/melucia02.graphisteriegenerale.com\/#\/schema\/logo\/image\/\",\"url\":\"http:\/\/melucia02.graphisteriegenerale.com\/wp-content\/uploads\/2022\/02\/melucia_logo.svg\",\"contentUrl\":\"http:\/\/melucia02.graphisteriegenerale.com\/wp-content\/uploads\/2022\/02\/melucia_logo.svg\",\"width\":\"1024\",\"height\":\"1024\",\"caption\":\"M\u00e9lucia\"},\"image\":{\"@id\":\"https:\/\/melucia02.graphisteriegenerale.com\/#\/schema\/logo\/image\/\"},\"sameAs\":[\"https:\/\/www.facebook.com\/melucia.skincare\/\",\"https:\/\/www.instagram.com\/melucia.skincare\/?hl=fr\"]}]}<\/script>\n<!-- \/ Yoast SEO plugin. -->","yoast_head_json":{"title":"La marque - Melucia","description":"Notre mission chez m\u00e9lucia est de vous proposer des soins cosm\u00e9tiques fabriqu\u00e9s en circuit-court au Luxembourg.","robots":{"index":"index","follow":"follow","max-snippet":"max-snippet:-1","max-image-preview":"max-image-preview:large","max-video-preview":"max-video-preview:-1"},"canonical":"https:\/\/melucia02.graphisteriegenerale.com\/fr\/la-marque\/","og_locale":"fr_FR","og_type":"article","og_title":"La marque - Melucia","og_description":"Notre mission chez m\u00e9lucia est de vous proposer des soins cosm\u00e9tiques fabriqu\u00e9s en circuit-court au Luxembourg.","og_url":"https:\/\/melucia02.graphisteriegenerale.com\/fr\/la-marque\/","og_site_name":"Melucia","article_publisher":"https:\/\/www.facebook.com\/melucia.skincare\/","article_modified_time":"2023-01-05T17:19:58+00:00","twitter_card":"summary_large_image","schema":{"@context":"https:\/\/schema.org","@graph":[{"@type":"WebPage","@id":"https:\/\/melucia02.graphisteriegenerale.com\/fr\/la-marque\/","url":"https:\/\/melucia02.graphisteriegenerale.com\/fr\/la-marque\/","name":"La marque - Melucia","isPartOf":{"@id":"https:\/\/melucia02.graphisteriegenerale.com\/#website"},"datePublished":"2022-02-01T10:14:09+00:00","dateModified":"2023-01-05T17:19:58+00:00","description":"Notre mission chez m\u00e9lucia est de vous proposer des soins cosm\u00e9tiques fabriqu\u00e9s en circuit-court au Luxembourg.","breadcrumb":{"@id":"https:\/\/melucia02.graphisteriegenerale.com\/fr\/la-marque\/#breadcrumb"},"inLanguage":"fr-FR","potentialAction":[{"@type":"ReadAction","target":["https:\/\/melucia02.graphisteriegenerale.com\/fr\/la-marque\/"]}]},{"@type":"BreadcrumbList","@id":"https:\/\/melucia02.graphisteriegenerale.com\/fr\/la-marque\/#breadcrumb","itemListElement":[{"@type":"ListItem","position":1,"name":"Accueil","item":"https:\/\/melucia02.graphisteriegenerale.com\/fr\/"},{"@type":"ListItem","position":2,"name":"La marque"}]},{"@type":"WebSite","@id":"https:\/\/melucia02.graphisteriegenerale.com\/#website","url":"https:\/\/melucia02.graphisteriegenerale.com\/","name":"Melucia","description":"Essential Skincare","publisher":{"@id":"https:\/\/melucia02.graphisteriegenerale.com\/#organization"},"potentialAction":[{"@type":"SearchAction","target":{"@type":"EntryPoint","urlTemplate":"https:\/\/melucia02.graphisteriegenerale.com\/?s={search_term_string}"},"query-input":"required name=search_term_string"}],"inLanguage":"fr-FR"},{"@type":"Organization","@id":"https:\/\/melucia02.graphisteriegenerale.com\/#organization","name":"M\u00e9lucia","url":"https:\/\/melucia02.graphisteriegenerale.com\/","logo":{"@type":"ImageObject","inLanguage":"fr-FR","@id":"https:\/\/melucia02.graphisteriegenerale.com\/#\/schema\/logo\/image\/","url":"http:\/\/melucia02.graphisteriegenerale.com\/wp-content\/uploads\/2022\/02\/melucia_logo.svg","contentUrl":"http:\/\/melucia02.graphisteriegenerale.com\/wp-content\/uploads\/2022\/02\/melucia_logo.svg","width":"1024","height":"1024","caption":"M\u00e9lucia"},"image":{"@id":"https:\/\/melucia02.graphisteriegenerale.com\/#\/schema\/logo\/image\/"},"sameAs":["https:\/\/www.facebook.com\/melucia.skincare\/","https:\/\/www.instagram.com\/melucia.skincare\/?hl=fr"]}]}},"_links":{"self":[{"href":"https:\/\/melucia02.graphisteriegenerale.com\/fr\/wp-json\/wp\/v2\/pages\/24","targetHints":{"allow":["GET"]}}],"collection":[{"href":"https:\/\/melucia02.graphisteriegenerale.com\/fr\/wp-json\/wp\/v2\/pages"}],"about":[{"href":"https:\/\/melucia02.graphisteriegenerale.com\/fr\/wp-json\/wp\/v2\/types\/page"}],"author":[{"embeddable":true,"href":"https:\/\/melucia02.graphisteriegenerale.com\/fr\/wp-json\/wp\/v2\/users\/1"}],"replies":[{"embeddable":true,"href":"https:\/\/melucia02.graphisteriegenerale.com\/fr\/wp-json\/wp\/v2\/comments?post=24"}],"version-history":[{"count":16,"href":"https:\/\/melucia02.graphisteriegenerale.com\/fr\/wp-json\/wp\/v2\/pages\/24\/revisions"}],"predecessor-version":[{"id":681,"href":"https:\/\/melucia02.graphisteriegenerale.com\/fr\/wp-json\/wp\/v2\/pages\/24\/revisions\/681"}],"wp:attachment":[{"href":"https:\/\/melucia02.graphisteriegenerale.com\/fr\/wp-json\/wp\/v2\/media?parent=24"}],"curies":[{"name":"wp","href":"https:\/\/api.w.org\/{rel}","templated":true}]}}