{"id":22,"date":"2022-02-01T11:13:59","date_gmt":"2022-02-01T10:13:59","guid":{"rendered":"http:\/\/melucia02.graphisteriegenerale.com\/?page_id=22"},"modified":"2023-01-05T16:57:32","modified_gmt":"2023-01-05T15:57:32","slug":"les-essentiels","status":"publish","type":"page","link":"https:\/\/melucia02.graphisteriegenerale.com\/fr\/les-essentiels\/","title":{"rendered":"Les essentiels"},"content":{"rendered":"","protected":false},"excerpt":{"rendered":"","protected":false},"author":1,"featured_media":0,"parent":0,"menu_order":0,"comment_status":"closed","ping_status":"closed","template":"template-essentiel.php","meta":{"inline_featured_image":false,"footnotes":""},"class_list":["post-22","page","type-page","status-publish","hentry"],"acf":[],"yoast_head":"<!-- This site is optimized with the Yoast SEO plugin v20.12 - https:\/\/yoast.com\/wordpress\/plugins\/seo\/ -->\n<title>Les essentiels - Melucia<\/title>\n<meta name=\"description\" content=\"La routine compl\u00e8te M\u00e9lucia. D\u00e9couvrez nos 3 gestes essentiels adapt\u00e9s \u00e0 tous les types de peau.\" \/>\n<meta name=\"robots\" content=\"index, follow, max-snippet:-1, max-image-preview:large, max-video-preview:-1\" \/>\n<link rel=\"canonical\" href=\"https:\/\/melucia02.graphisteriegenerale.com\/fr\/les-essentiels\/\" \/>\n<meta property=\"og:locale\" content=\"fr_FR\" \/>\n<meta property=\"og:type\" content=\"article\" \/>\n<meta property=\"og:title\" content=\"Les essentiels - Melucia\" \/>\n<meta property=\"og:description\" content=\"La routine compl\u00e8te M\u00e9lucia. D\u00e9couvrez nos 3 gestes essentiels adapt\u00e9s \u00e0 tous les types de peau.\" \/>\n<meta property=\"og:url\" content=\"https:\/\/melucia02.graphisteriegenerale.com\/fr\/les-essentiels\/\" \/>\n<meta property=\"og:site_name\" content=\"Melucia\" \/>\n<meta property=\"article:publisher\" content=\"https:\/\/www.facebook.com\/melucia.skincare\/\" \/>\n<meta property=\"article:modified_time\" content=\"2023-01-05T15:57:32+00:00\" \/>\n<meta name=\"twitter:card\" content=\"summary_large_image\" \/>\n<script type=\"application\/ld+json\" class=\"yoast-schema-graph\">{\"@context\":\"https:\/\/schema.org\",\"@graph\":[{\"@type\":\"WebPage\",\"@id\":\"https:\/\/melucia02.graphisteriegenerale.com\/fr\/les-essentiels\/\",\"url\":\"https:\/\/melucia02.graphisteriegenerale.com\/fr\/les-essentiels\/\",\"name\":\"Les essentiels - Melucia\",\"isPartOf\":{\"@id\":\"https:\/\/melucia02.graphisteriegenerale.com\/#website\"},\"datePublished\":\"2022-02-01T10:13:59+00:00\",\"dateModified\":\"2023-01-05T15:57:32+00:00\",\"description\":\"La routine compl\u00e8te M\u00e9lucia. D\u00e9couvrez nos 3 gestes essentiels adapt\u00e9s \u00e0 tous les types de peau.\",\"breadcrumb\":{\"@id\":\"https:\/\/melucia02.graphisteriegenerale.com\/fr\/les-essentiels\/#breadcrumb\"},\"inLanguage\":\"fr-FR\",\"potentialAction\":[{\"@type\":\"ReadAction\",\"target\":[\"https:\/\/melucia02.graphisteriegenerale.com\/fr\/les-essentiels\/\"]}]},{\"@type\":\"BreadcrumbList\",\"@id\":\"https:\/\/melucia02.graphisteriegenerale.com\/fr\/les-essentiels\/#breadcrumb\",\"itemListElement\":[{\"@type\":\"ListItem\",\"position\":1,\"name\":\"Accueil\",\"item\":\"https:\/\/melucia02.graphisteriegenerale.com\/fr\/\"},{\"@type\":\"ListItem\",\"position\":2,\"name\":\"Les essentiels\"}]},{\"@type\":\"WebSite\",\"@id\":\"https:\/\/melucia02.graphisteriegenerale.com\/#website\",\"url\":\"https:\/\/melucia02.graphisteriegenerale.com\/\",\"name\":\"Melucia\",\"description\":\"Essential Skincare\",\"publisher\":{\"@id\":\"https:\/\/melucia02.graphisteriegenerale.com\/#organization\"},\"potentialAction\":[{\"@type\":\"SearchAction\",\"target\":{\"@type\":\"EntryPoint\",\"urlTemplate\":\"https:\/\/melucia02.graphisteriegenerale.com\/?s={search_term_string}\"},\"query-input\":\"required name=search_term_string\"}],\"inLanguage\":\"fr-FR\"},{\"@type\":\"Organization\",\"@id\":\"https:\/\/melucia02.graphisteriegenerale.com\/#organization\",\"name\":\"M\u00e9lucia\",\"url\":\"https:\/\/melucia02.graphisteriegenerale.com\/\",\"logo\":{\"@type\":\"ImageObject\",\"inLanguage\":\"fr-FR\",\"@id\":\"https:\/\/melucia02.graphisteriegenerale.com\/#\/schema\/logo\/image\/\",\"url\":\"http:\/\/melucia02.graphisteriegenerale.com\/wp-content\/uploads\/2022\/02\/melucia_logo.svg\",\"contentUrl\":\"http:\/\/melucia02.graphisteriegenerale.com\/wp-content\/uploads\/2022\/02\/melucia_logo.svg\",\"width\":\"1024\",\"height\":\"1024\",\"caption\":\"M\u00e9lucia\"},\"image\":{\"@id\":\"https:\/\/melucia02.graphisteriegenerale.com\/#\/schema\/logo\/image\/\"},\"sameAs\":[\"https:\/\/www.facebook.com\/melucia.skincare\/\",\"https:\/\/www.instagram.com\/melucia.skincare\/?hl=fr\"]}]}<\/script>\n<!-- \/ Yoast SEO plugin. -->","yoast_head_json":{"title":"Les essentiels - Melucia","description":"La routine compl\u00e8te M\u00e9lucia. D\u00e9couvrez nos 3 gestes essentiels adapt\u00e9s \u00e0 tous les types de peau.","robots":{"index":"index","follow":"follow","max-snippet":"max-snippet:-1","max-image-preview":"max-image-preview:large","max-video-preview":"max-video-preview:-1"},"canonical":"https:\/\/melucia02.graphisteriegenerale.com\/fr\/les-essentiels\/","og_locale":"fr_FR","og_type":"article","og_title":"Les essentiels - Melucia","og_description":"La routine compl\u00e8te M\u00e9lucia. D\u00e9couvrez nos 3 gestes essentiels adapt\u00e9s \u00e0 tous les types de peau.","og_url":"https:\/\/melucia02.graphisteriegenerale.com\/fr\/les-essentiels\/","og_site_name":"Melucia","article_publisher":"https:\/\/www.facebook.com\/melucia.skincare\/","article_modified_time":"2023-01-05T15:57:32+00:00","twitter_card":"summary_large_image","schema":{"@context":"https:\/\/schema.org","@graph":[{"@type":"WebPage","@id":"https:\/\/melucia02.graphisteriegenerale.com\/fr\/les-essentiels\/","url":"https:\/\/melucia02.graphisteriegenerale.com\/fr\/les-essentiels\/","name":"Les essentiels - Melucia","isPartOf":{"@id":"https:\/\/melucia02.graphisteriegenerale.com\/#website"},"datePublished":"2022-02-01T10:13:59+00:00","dateModified":"2023-01-05T15:57:32+00:00","description":"La routine compl\u00e8te M\u00e9lucia. D\u00e9couvrez nos 3 gestes essentiels adapt\u00e9s \u00e0 tous les types de peau.","breadcrumb":{"@id":"https:\/\/melucia02.graphisteriegenerale.com\/fr\/les-essentiels\/#breadcrumb"},"inLanguage":"fr-FR","potentialAction":[{"@type":"ReadAction","target":["https:\/\/melucia02.graphisteriegenerale.com\/fr\/les-essentiels\/"]}]},{"@type":"BreadcrumbList","@id":"https:\/\/melucia02.graphisteriegenerale.com\/fr\/les-essentiels\/#breadcrumb","itemListElement":[{"@type":"ListItem","position":1,"name":"Accueil","item":"https:\/\/melucia02.graphisteriegenerale.com\/fr\/"},{"@type":"ListItem","position":2,"name":"Les essentiels"}]},{"@type":"WebSite","@id":"https:\/\/melucia02.graphisteriegenerale.com\/#website","url":"https:\/\/melucia02.graphisteriegenerale.com\/","name":"Melucia","description":"Essential Skincare","publisher":{"@id":"https:\/\/melucia02.graphisteriegenerale.com\/#organization"},"potentialAction":[{"@type":"SearchAction","target":{"@type":"EntryPoint","urlTemplate":"https:\/\/melucia02.graphisteriegenerale.com\/?s={search_term_string}"},"query-input":"required name=search_term_string"}],"inLanguage":"fr-FR"},{"@type":"Organization","@id":"https:\/\/melucia02.graphisteriegenerale.com\/#organization","name":"M\u00e9lucia","url":"https:\/\/melucia02.graphisteriegenerale.com\/","logo":{"@type":"ImageObject","inLanguage":"fr-FR","@id":"https:\/\/melucia02.graphisteriegenerale.com\/#\/schema\/logo\/image\/","url":"http:\/\/melucia02.graphisteriegenerale.com\/wp-content\/uploads\/2022\/02\/melucia_logo.svg","contentUrl":"http:\/\/melucia02.graphisteriegenerale.com\/wp-content\/uploads\/2022\/02\/melucia_logo.svg","width":"1024","height":"1024","caption":"M\u00e9lucia"},"image":{"@id":"https:\/\/melucia02.graphisteriegenerale.com\/#\/schema\/logo\/image\/"},"sameAs":["https:\/\/www.facebook.com\/melucia.skincare\/","https:\/\/www.instagram.com\/melucia.skincare\/?hl=fr"]}]}},"_links":{"self":[{"href":"https:\/\/melucia02.graphisteriegenerale.com\/fr\/wp-json\/wp\/v2\/pages\/22","targetHints":{"allow":["GET"]}}],"collection":[{"href":"https:\/\/melucia02.graphisteriegenerale.com\/fr\/wp-json\/wp\/v2\/pages"}],"about":[{"href":"https:\/\/melucia02.graphisteriegenerale.com\/fr\/wp-json\/wp\/v2\/types\/page"}],"author":[{"embeddable":true,"href":"https:\/\/melucia02.graphisteriegenerale.com\/fr\/wp-json\/wp\/v2\/users\/1"}],"replies":[{"embeddable":true,"href":"https:\/\/melucia02.graphisteriegenerale.com\/fr\/wp-json\/wp\/v2\/comments?post=22"}],"version-history":[{"count":8,"href":"https:\/\/melucia02.graphisteriegenerale.com\/fr\/wp-json\/wp\/v2\/pages\/22\/revisions"}],"predecessor-version":[{"id":677,"href":"https:\/\/melucia02.graphisteriegenerale.com\/fr\/wp-json\/wp\/v2\/pages\/22\/revisions\/677"}],"wp:attachment":[{"href":"https:\/\/melucia02.graphisteriegenerale.com\/fr\/wp-json\/wp\/v2\/media?parent=22"}],"curies":[{"name":"wp","href":"https:\/\/api.w.org\/{rel}","templated":true}]}}